{"id":988152,"date":"2021-07-22T14:03:00","date_gmt":"2021-07-22T14:03:00","guid":{"rendered":"https:\/\/altarevini.it\/?post_type=product&#038;p=988152"},"modified":"2021-11-30T16:53:21","modified_gmt":"2021-11-30T16:53:21","slug":"grappa-dolcetto","status":"publish","type":"product","link":"https:\/\/altarevini.it\/index.php\/product\/grappa-dolcetto\/","title":{"rendered":"GRAPPA DI DOLCETTO"},"content":{"rendered":"","protected":false},"excerpt":{"rendered":"<p>Grappa classica ottenuta dalle vinacce delle nostre uve Dolcetto.<br \/>\nIl colore \u00e8 ambrato limpido e brillante, il profumo \u00e8 intenso, con sentori<br \/>\ntostati provenienti dall&#8217; affinamento in rovere. Il sapore \u00e8 aromatico e<br \/>\nmorbido.<\/p>\n","protected":false},"featured_media":988153,"comment_status":"closed","ping_status":"closed","template":"","meta":[],"product_brand":[],"product_cat":[51],"product_tag":[],"class_list":{"0":"post-988152","1":"product","2":"type-product","3":"status-publish","4":"has-post-thumbnail","6":"product_cat-distillati","8":"first","9":"instock","10":"shipping-taxable","11":"purchasable","12":"product-type-simple"},"yoast_head":"<!-- This site is optimized with the Yoast SEO plugin v27.3 - https:\/\/yoast.com\/product\/yoast-seo-wordpress\/ -->\n<title>GRAPPA DI DOLCETTO - Altare Vini<\/title>\n<meta name=\"robots\" content=\"index, follow, max-snippet:-1, max-image-preview:large, max-video-preview:-1\" \/>\n<link rel=\"canonical\" href=\"https:\/\/altarevini.it\/index.php\/product\/grappa-dolcetto\/\" \/>\n<meta property=\"og:locale\" content=\"it_IT\" \/>\n<meta property=\"og:type\" content=\"article\" \/>\n<meta property=\"og:title\" content=\"GRAPPA DI DOLCETTO - Altare Vini\" \/>\n<meta property=\"og:description\" content=\"Grappa classica ottenuta dalle vinacce delle nostre uve Dolcetto. Il colore \u00e8 ambrato limpido e brillante, il profumo \u00e8 intenso, con sentori tostati provenienti dall&#039; affinamento in rovere. Il sapore \u00e8 aromatico e morbido.\" \/>\n<meta property=\"og:url\" content=\"https:\/\/altarevini.it\/index.php\/product\/grappa-dolcetto\/\" \/>\n<meta property=\"og:site_name\" content=\"Altare Vini\" \/>\n<meta property=\"article:modified_time\" content=\"2021-11-30T16:53:21+00:00\" \/>\n<meta property=\"og:image\" content=\"https:\/\/altarevini.it\/wp-content\/uploads\/2021\/07\/grappa-dolcetto.png\" \/>\n\t<meta property=\"og:image:width\" content=\"1000\" \/>\n\t<meta property=\"og:image:height\" content=\"1000\" \/>\n\t<meta property=\"og:image:type\" content=\"image\/png\" \/>\n<meta name=\"twitter:card\" content=\"summary_large_image\" \/>\n<script type=\"application\/ld+json\" class=\"yoast-schema-graph\">{\"@context\":\"https:\\\/\\\/schema.org\",\"@graph\":[{\"@type\":\"WebPage\",\"@id\":\"https:\\\/\\\/altarevini.it\\\/index.php\\\/product\\\/grappa-dolcetto\\\/\",\"url\":\"https:\\\/\\\/altarevini.it\\\/index.php\\\/product\\\/grappa-dolcetto\\\/\",\"name\":\"GRAPPA DI DOLCETTO - Altare Vini\",\"isPartOf\":{\"@id\":\"https:\\\/\\\/altarevini.it\\\/#website\"},\"primaryImageOfPage\":{\"@id\":\"https:\\\/\\\/altarevini.it\\\/index.php\\\/product\\\/grappa-dolcetto\\\/#primaryimage\"},\"image\":{\"@id\":\"https:\\\/\\\/altarevini.it\\\/index.php\\\/product\\\/grappa-dolcetto\\\/#primaryimage\"},\"thumbnailUrl\":\"https:\\\/\\\/altarevini.it\\\/wp-content\\\/uploads\\\/2021\\\/07\\\/grappa-dolcetto.png\",\"datePublished\":\"2021-07-22T14:03:00+00:00\",\"dateModified\":\"2021-11-30T16:53:21+00:00\",\"breadcrumb\":{\"@id\":\"https:\\\/\\\/altarevini.it\\\/index.php\\\/product\\\/grappa-dolcetto\\\/#breadcrumb\"},\"inLanguage\":\"it-IT\",\"potentialAction\":[{\"@type\":\"ReadAction\",\"target\":[\"https:\\\/\\\/altarevini.it\\\/index.php\\\/product\\\/grappa-dolcetto\\\/\"]}]},{\"@type\":\"ImageObject\",\"inLanguage\":\"it-IT\",\"@id\":\"https:\\\/\\\/altarevini.it\\\/index.php\\\/product\\\/grappa-dolcetto\\\/#primaryimage\",\"url\":\"https:\\\/\\\/altarevini.it\\\/wp-content\\\/uploads\\\/2021\\\/07\\\/grappa-dolcetto.png\",\"contentUrl\":\"https:\\\/\\\/altarevini.it\\\/wp-content\\\/uploads\\\/2021\\\/07\\\/grappa-dolcetto.png\",\"width\":1000,\"height\":1000},{\"@type\":\"BreadcrumbList\",\"@id\":\"https:\\\/\\\/altarevini.it\\\/index.php\\\/product\\\/grappa-dolcetto\\\/#breadcrumb\",\"itemListElement\":[{\"@type\":\"ListItem\",\"position\":1,\"name\":\"Home\",\"item\":\"https:\\\/\\\/altarevini.it\\\/\"},{\"@type\":\"ListItem\",\"position\":2,\"name\":\"Shop\",\"item\":\"https:\\\/\\\/altarevini.it\\\/index.php\\\/shop-2\\\/\"},{\"@type\":\"ListItem\",\"position\":3,\"name\":\"GRAPPA DI DOLCETTO\"}]},{\"@type\":\"WebSite\",\"@id\":\"https:\\\/\\\/altarevini.it\\\/#website\",\"url\":\"https:\\\/\\\/altarevini.it\\\/\",\"name\":\"Altare Vini\",\"description\":\"Vini pregiati delle langhe\",\"publisher\":{\"@id\":\"https:\\\/\\\/altarevini.it\\\/#organization\"},\"potentialAction\":[{\"@type\":\"SearchAction\",\"target\":{\"@type\":\"EntryPoint\",\"urlTemplate\":\"https:\\\/\\\/altarevini.it\\\/?s={search_term_string}\"},\"query-input\":{\"@type\":\"PropertyValueSpecification\",\"valueRequired\":true,\"valueName\":\"search_term_string\"}}],\"inLanguage\":\"it-IT\"},{\"@type\":\"Organization\",\"@id\":\"https:\\\/\\\/altarevini.it\\\/#organization\",\"name\":\"Altare Vini\",\"url\":\"https:\\\/\\\/altarevini.it\\\/\",\"logo\":{\"@type\":\"ImageObject\",\"inLanguage\":\"it-IT\",\"@id\":\"https:\\\/\\\/altarevini.it\\\/#\\\/schema\\\/logo\\\/image\\\/\",\"url\":\"https:\\\/\\\/altarevini.it\\\/wp-content\\\/uploads\\\/2021\\\/06\\\/cropped-logo-altare_b.png\",\"contentUrl\":\"https:\\\/\\\/altarevini.it\\\/wp-content\\\/uploads\\\/2021\\\/06\\\/cropped-logo-altare_b.png\",\"width\":186,\"height\":85,\"caption\":\"Altare Vini\"},\"image\":{\"@id\":\"https:\\\/\\\/altarevini.it\\\/#\\\/schema\\\/logo\\\/image\\\/\"}}]}<\/script>\n<!-- \/ Yoast SEO plugin. -->","yoast_head_json":{"title":"GRAPPA DI DOLCETTO - Altare Vini","robots":{"index":"index","follow":"follow","max-snippet":"max-snippet:-1","max-image-preview":"max-image-preview:large","max-video-preview":"max-video-preview:-1"},"canonical":"https:\/\/altarevini.it\/index.php\/product\/grappa-dolcetto\/","og_locale":"it_IT","og_type":"article","og_title":"GRAPPA DI DOLCETTO - Altare Vini","og_description":"Grappa classica ottenuta dalle vinacce delle nostre uve Dolcetto. Il colore \u00e8 ambrato limpido e brillante, il profumo \u00e8 intenso, con sentori tostati provenienti dall' affinamento in rovere. Il sapore \u00e8 aromatico e morbido.","og_url":"https:\/\/altarevini.it\/index.php\/product\/grappa-dolcetto\/","og_site_name":"Altare Vini","article_modified_time":"2021-11-30T16:53:21+00:00","og_image":[{"width":1000,"height":1000,"url":"https:\/\/altarevini.it\/wp-content\/uploads\/2021\/07\/grappa-dolcetto.png","type":"image\/png"}],"twitter_card":"summary_large_image","schema":{"@context":"https:\/\/schema.org","@graph":[{"@type":"WebPage","@id":"https:\/\/altarevini.it\/index.php\/product\/grappa-dolcetto\/","url":"https:\/\/altarevini.it\/index.php\/product\/grappa-dolcetto\/","name":"GRAPPA DI DOLCETTO - Altare Vini","isPartOf":{"@id":"https:\/\/altarevini.it\/#website"},"primaryImageOfPage":{"@id":"https:\/\/altarevini.it\/index.php\/product\/grappa-dolcetto\/#primaryimage"},"image":{"@id":"https:\/\/altarevini.it\/index.php\/product\/grappa-dolcetto\/#primaryimage"},"thumbnailUrl":"https:\/\/altarevini.it\/wp-content\/uploads\/2021\/07\/grappa-dolcetto.png","datePublished":"2021-07-22T14:03:00+00:00","dateModified":"2021-11-30T16:53:21+00:00","breadcrumb":{"@id":"https:\/\/altarevini.it\/index.php\/product\/grappa-dolcetto\/#breadcrumb"},"inLanguage":"it-IT","potentialAction":[{"@type":"ReadAction","target":["https:\/\/altarevini.it\/index.php\/product\/grappa-dolcetto\/"]}]},{"@type":"ImageObject","inLanguage":"it-IT","@id":"https:\/\/altarevini.it\/index.php\/product\/grappa-dolcetto\/#primaryimage","url":"https:\/\/altarevini.it\/wp-content\/uploads\/2021\/07\/grappa-dolcetto.png","contentUrl":"https:\/\/altarevini.it\/wp-content\/uploads\/2021\/07\/grappa-dolcetto.png","width":1000,"height":1000},{"@type":"BreadcrumbList","@id":"https:\/\/altarevini.it\/index.php\/product\/grappa-dolcetto\/#breadcrumb","itemListElement":[{"@type":"ListItem","position":1,"name":"Home","item":"https:\/\/altarevini.it\/"},{"@type":"ListItem","position":2,"name":"Shop","item":"https:\/\/altarevini.it\/index.php\/shop-2\/"},{"@type":"ListItem","position":3,"name":"GRAPPA DI DOLCETTO"}]},{"@type":"WebSite","@id":"https:\/\/altarevini.it\/#website","url":"https:\/\/altarevini.it\/","name":"Altare Vini","description":"Vini pregiati delle langhe","publisher":{"@id":"https:\/\/altarevini.it\/#organization"},"potentialAction":[{"@type":"SearchAction","target":{"@type":"EntryPoint","urlTemplate":"https:\/\/altarevini.it\/?s={search_term_string}"},"query-input":{"@type":"PropertyValueSpecification","valueRequired":true,"valueName":"search_term_string"}}],"inLanguage":"it-IT"},{"@type":"Organization","@id":"https:\/\/altarevini.it\/#organization","name":"Altare Vini","url":"https:\/\/altarevini.it\/","logo":{"@type":"ImageObject","inLanguage":"it-IT","@id":"https:\/\/altarevini.it\/#\/schema\/logo\/image\/","url":"https:\/\/altarevini.it\/wp-content\/uploads\/2021\/06\/cropped-logo-altare_b.png","contentUrl":"https:\/\/altarevini.it\/wp-content\/uploads\/2021\/06\/cropped-logo-altare_b.png","width":186,"height":85,"caption":"Altare Vini"},"image":{"@id":"https:\/\/altarevini.it\/#\/schema\/logo\/image\/"}}]}},"_links":{"self":[{"href":"https:\/\/altarevini.it\/index.php\/wp-json\/wp\/v2\/product\/988152","targetHints":{"allow":["GET"]}}],"collection":[{"href":"https:\/\/altarevini.it\/index.php\/wp-json\/wp\/v2\/product"}],"about":[{"href":"https:\/\/altarevini.it\/index.php\/wp-json\/wp\/v2\/types\/product"}],"replies":[{"embeddable":true,"href":"https:\/\/altarevini.it\/index.php\/wp-json\/wp\/v2\/comments?post=988152"}],"version-history":[{"count":2,"href":"https:\/\/altarevini.it\/index.php\/wp-json\/wp\/v2\/product\/988152\/revisions"}],"predecessor-version":[{"id":988259,"href":"https:\/\/altarevini.it\/index.php\/wp-json\/wp\/v2\/product\/988152\/revisions\/988259"}],"wp:featuredmedia":[{"embeddable":true,"href":"https:\/\/altarevini.it\/index.php\/wp-json\/wp\/v2\/media\/988153"}],"wp:attachment":[{"href":"https:\/\/altarevini.it\/index.php\/wp-json\/wp\/v2\/media?parent=988152"}],"wp:term":[{"taxonomy":"product_brand","embeddable":true,"href":"https:\/\/altarevini.it\/index.php\/wp-json\/wp\/v2\/product_brand?post=988152"},{"taxonomy":"product_cat","embeddable":true,"href":"https:\/\/altarevini.it\/index.php\/wp-json\/wp\/v2\/product_cat?post=988152"},{"taxonomy":"product_tag","embeddable":true,"href":"https:\/\/altarevini.it\/index.php\/wp-json\/wp\/v2\/product_tag?post=988152"}],"curies":[{"name":"wp","href":"https:\/\/api.w.org\/{rel}","templated":true}]}}